{"id":59,"date":"2011-04-24T19:39:21","date_gmt":"2011-04-24T19:39:21","guid":{"rendered":"http:\/\/www.kleinekapelle.de\/wp\/?page_id=59"},"modified":"2023-02-01T19:50:19","modified_gmt":"2023-02-01T18:50:19","slug":"horprobe","status":"publish","type":"page","link":"https:\/\/www.kleinekapelle.de\/wp\/?page_id=59","title":{"rendered":"H\u00f6rprobe"},"content":{"rendered":"<p><iframe loading=\"lazy\" title=\"Die Kleine Kapelle   -Internationale Tanzmusik aus Kreuzberg f\u00fcr den Rest der Welt-\" width=\"640\" height=\"360\" src=\"https:\/\/www.youtube.com\/embed\/JX_DC4Wiv7A?feature=oembed\" frameborder=\"0\" allow=\"accelerometer; autoplay; clipboard-write; encrypted-media; gyroscope; picture-in-picture; web-share\" referrerpolicy=\"strict-origin-when-cross-origin\" allowfullscreen><\/iframe><\/p>\n<p>Wir w\u00fcnschen angenehme Unterhaltung!<br \/>\nVollst\u00e4ndiger H\u00f6rgenuss nat\u00fcrlich gerne live oder per Tontr\u00e4ger.<\/p>\n","protected":false},"excerpt":{"rendered":"<p>Wir w\u00fcnschen angenehme Unterhaltung! Vollst\u00e4ndiger H\u00f6rgenuss nat\u00fcrlich gerne live oder per Tontr\u00e4ger.<\/p>\n","protected":false},"author":1,"featured_media":0,"parent":0,"menu_order":0,"comment_status":"closed","ping_status":"open","template":"","meta":{"footnotes":""},"class_list":["post-59","page","type-page","status-publish","hentry","entry"],"_links":{"self":[{"href":"https:\/\/www.kleinekapelle.de\/wp\/index.php?rest_route=\/wp\/v2\/pages\/59","targetHints":{"allow":["GET"]}}],"collection":[{"href":"https:\/\/www.kleinekapelle.de\/wp\/index.php?rest_route=\/wp\/v2\/pages"}],"about":[{"href":"https:\/\/www.kleinekapelle.de\/wp\/index.php?rest_route=\/wp\/v2\/types\/page"}],"author":[{"embeddable":true,"href":"https:\/\/www.kleinekapelle.de\/wp\/index.php?rest_route=\/wp\/v2\/users\/1"}],"replies":[{"embeddable":true,"href":"https:\/\/www.kleinekapelle.de\/wp\/index.php?rest_route=%2Fwp%2Fv2%2Fcomments&post=59"}],"version-history":[{"count":12,"href":"https:\/\/www.kleinekapelle.de\/wp\/index.php?rest_route=\/wp\/v2\/pages\/59\/revisions"}],"predecessor-version":[{"id":1002,"href":"https:\/\/www.kleinekapelle.de\/wp\/index.php?rest_route=\/wp\/v2\/pages\/59\/revisions\/1002"}],"wp:attachment":[{"href":"https:\/\/www.kleinekapelle.de\/wp\/index.php?rest_route=%2Fwp%2Fv2%2Fmedia&parent=59"}],"curies":[{"name":"wp","href":"https:\/\/api.w.org\/{rel}","templated":true}]}}