{"id":2,"date":"2016-06-02T22:30:49","date_gmt":"2016-06-02T20:30:49","guid":{"rendered":"http:\/\/www.kleinekapelle.de\/wp\/?page_id=2"},"modified":"2024-05-27T01:38:27","modified_gmt":"2024-05-26T23:38:27","slug":"beispiel-seite","status":"publish","type":"page","link":"https:\/\/www.kleinekapelle.de\/wp\/","title":{"rendered":"Willkommen"},"content":{"rendered":"<div class=\"wp-block-image\">\n<figure class=\"aligncenter\"><img loading=\"lazy\" decoding=\"async\" width=\"2560\" height=\"1707\" src=\"http:\/\/www.kleinekapelle.de\/wp\/wp-content\/uploads\/2024\/05\/KleineKapelle2024-scaled.jpg\" alt=\"Die Kleine Kapelle Gruppenfoto\" class=\"wp-image-1055\" srcset=\"https:\/\/www.kleinekapelle.de\/wp\/wp-content\/uploads\/2024\/05\/KleineKapelle2024-scaled.jpg 2560w, https:\/\/www.kleinekapelle.de\/wp\/wp-content\/uploads\/2024\/05\/KleineKapelle2024-300x200.jpg 300w, https:\/\/www.kleinekapelle.de\/wp\/wp-content\/uploads\/2024\/05\/KleineKapelle2024-1024x683.jpg 1024w, https:\/\/www.kleinekapelle.de\/wp\/wp-content\/uploads\/2024\/05\/KleineKapelle2024-768x512.jpg 768w, https:\/\/www.kleinekapelle.de\/wp\/wp-content\/uploads\/2024\/05\/KleineKapelle2024-1536x1024.jpg 1536w, https:\/\/www.kleinekapelle.de\/wp\/wp-content\/uploads\/2024\/05\/KleineKapelle2024-2048x1366.jpg 2048w, https:\/\/www.kleinekapelle.de\/wp\/wp-content\/uploads\/2024\/05\/KleineKapelle2024-1568x1046.jpg 1568w\" sizes=\"auto, (max-width: 2560px) 100vw, 2560px\" \/><\/figure>\n<\/div>\n\n\n<p>Eine Tanzkapelle, die ihresgleichen sucht. Ob auf Hochzeiten, Geburtstagsfeiern oder in rauchgeschw\u00e4ngerten Spelunken: Fr\u00fcher oder sp\u00e4ter tanzen sie ! Das musikalische Spektrum f\u00fchrt vom Balkan durch viele europ\u00e4ische L\u00e4nder nach Nordamerika, S\u00fcdamerika und endet in den Weiten der Taiga. Der mehrsprachige, bezaubernde Gesang in Verbindung mit der ungew\u00f6hnlichen Instrumentierung (Trompete, Akkordeon, Kontrabass und Percussion) lassen die sorgsam ausgew\u00e4hlten Musiktitel und die vielen liebevollen Eigenkompositionen zum unverwechselbaren Klangvergn\u00fcgen werden.<\/p>\n\n\n\n<p><span id=\"eow-title\" class=\"watch-title \" dir=\"ltr\" title=\"Die Kleine Kapelle -Internationale Tanzmusik aus Kreuzberg f\u00fcr den Rest der Welt-\">Internationale Tanzmusik aus Kreuzberg f\u00fcr die Welt! <\/span><\/p>\n\n\n\n<p><span id=\"eow-title\" class=\"watch-title \" dir=\"ltr\" title=\"Die Kleine Kapelle -Internationale Tanzmusik aus Kreuzberg f\u00fcr den Rest der Welt-\"><strong>Christine Seeberger<\/strong> \u2013 Gesang,&nbsp; <strong>Jochen A. Liedtke<\/strong> \u2013 Akkordeon, <strong>Elmar H\u00f6inghaus<\/strong> \u2013 Trompete, <strong>Sven Rodenbeck<\/strong> \u2013 Kontrabass, <strong>Dirk Matth\u00e4us<\/strong> \u2013 Percussion<\/span><\/p>\n\n\n\n<div  id=\"jtg-973\" class=\"modula modula-gallery modula-columns\" data-config=\"{&quot;tabletHeight&quot;:800,&quot;mobileHeight&quot;:800,&quot;desktopHeight&quot;:800,&quot;enableTwitter&quot;:false,&quot;enableWhatsapp&quot;:false,&quot;enableFacebook&quot;:false,&quot;enablePinterest&quot;:false,&quot;enableLinkedin&quot;:false,&quot;enableEmail&quot;:false,&quot;randomFactor&quot;:0,&quot;type&quot;:&quot;grid&quot;,&quot;columns&quot;:12,&quot;gutter&quot;:10,&quot;mobileGutter&quot;:10,&quot;tabletGutter&quot;:10,&quot;desktopGutter&quot;:10,&quot;enableResponsive&quot;:&quot;0&quot;,&quot;tabletColumns&quot;:2,&quot;mobileColumns&quot;:1,&quot;lazyLoad&quot;:0,&quot;lightboxOpts&quot;:{&quot;animated&quot;:true,&quot;Thumbs&quot;:{&quot;type&quot;:&quot;modern&quot;,&quot;showOnStart&quot;:false},&quot;Toolbar&quot;:{&quot;display&quot;:{&quot;right&quot;:[&quot;close&quot;]},&quot;enabled&quot;:true},&quot;Carousel&quot;:{&quot;Panzoom&quot;:{&quot;touch&quot;:true},&quot;infinite&quot;:false},&quot;keyboard&quot;:{&quot;Escape&quot;:&quot;close&quot;,&quot;Delete&quot;:&quot;close&quot;,&quot;Backspace&quot;:&quot;close&quot;,&quot;PageUp&quot;:false,&quot;PageDown&quot;:false,&quot;ArrowUp&quot;:false,&quot;ArrowDown&quot;:false,&quot;ArrowRight&quot;:false,&quot;ArrowLeft&quot;:false},&quot;touch&quot;:false,&quot;backdropClick&quot;:false,&quot;l10n&quot;:{&quot;CLOSE&quot;:&quot;Schlie\\u00dfen&quot;,&quot;NEXT&quot;:&quot;Weiter&quot;,&quot;PREV&quot;:&quot;Zur\\u00fcck&quot;,&quot;Error&quot;:&quot;Der angeforderte Inhalt kann nicht geladen werden. Bitte versuche es sp\\u00e4ter noch einmal.&quot;,&quot;PLAY_START&quot;:&quot;Slideshow starten&quot;,&quot;PLAY_STOP&quot;:&quot;Slideshow anhalten&quot;,&quot;FULL_SCREEN&quot;:&quot;Vollbild&quot;,&quot;THUMBS&quot;:&quot;Vorschaubilder&quot;,&quot;DOWNLOAD&quot;:&quot;Download&quot;,&quot;SHARE&quot;:&quot;Teilen&quot;,&quot;ZOOM&quot;:&quot;Vergr\\u00f6\\u00dfern&quot;,&quot;EMAIL&quot;:&quot;Hier ist der Link zum Bild: %%image_link%% und hier ist der Link zur Galerie: %%gallery_link%%&quot;,&quot;MODAL&quot;:&quot;Du kannst diesen Modal-Inhalt mit der ESC-Taste schlie\\u00dfen&quot;,&quot;ERROR&quot;:&quot;Es ist ein Fehler aufgetreten. Bitte versuche es sp\\u00e4ter noch einmal&quot;,&quot;IMAGE_ERROR&quot;:&quot;Bild nicht gefunden&quot;,&quot;ELEMENT_NOT_FOUND&quot;:&quot;HTML-Element nicht gefunden&quot;,&quot;AJAX_NOT_FOUND&quot;:&quot;Fehler beim Laden von AJAX: Nicht gefunden&quot;,&quot;AJAX_FORBIDDEN&quot;:&quot;Fehler beim Laden von AJAX: Zugriff verweigert&quot;,&quot;IFRAME_ERROR&quot;:&quot;Fehler beim Laden der Seite&quot;,&quot;TOGGLE_ZOOM&quot;:&quot;Zoomstufe umschalten&quot;,&quot;TOGGLE_THUMBS&quot;:&quot;Miniaturansichten ein-\\\/ausblenden&quot;,&quot;TOGGLE_SLIDESHOW&quot;:&quot;Diashow ein-\\\/ausschalten&quot;,&quot;TOGGLE_FULLSCREEN&quot;:&quot;Vollbildmodus umschalten&quot;},&quot;Images&quot;:{&quot;Panzoom&quot;:{&quot;maxScale&quot;:2}},&quot;mainClass&quot;:&quot;modula-fancybox-container modula-lightbox-jtg-973&quot;,&quot;Html&quot;:{&quot;videoAutoplay&quot;:0,&quot;videoTpl&quot;:&quot;&lt;video class=\\&quot;fancybox__html5video\\&quot; controls muted playsinline controlsList controlsList=\\&quot;nodownload\\&quot; poster=\\&quot;{{poster}}\\&quot; src=\\&quot;{{src}}\\&quot; type=\\&quot;{{format}}\\&quot; &gt;  Sorry, your browser doesn&#039;t support embedded videos, &lt;a href=\\&quot;{{src}}\\&quot;&gt; download &lt;\\\/a&gt; and watch with your favorite video player! &lt;\\\/video&gt;&quot;}},&quot;inView&quot;:false,&quot;email_subject&quot;:&quot;Check out this awesome image !!&quot;,&quot;email_message&quot;:&quot;Here is the link to the image : %%image_link%% and this is the link to the gallery : %%gallery_link%%&quot;,&quot;grid_type&quot;:&quot;5&quot;,&quot;rowHeight&quot;:250,&quot;lastRow&quot;:&quot;justify&quot;,&quot;lightbox&quot;:&quot;fancybox&quot;}\">\n\n\t<div class=\"modula-grid-sizer\"> <\/div>\n\t<div  class=\"modula-items grid-gallery\">\n\t\t<div class=\"modula-item effect-pufrobo\" >\n\t<div class=\"modula-item-overlay\"><\/div>\n\n\t<div class=\"modula-item-content\">\n\n\t\t<a data-image-id=\"1049\" role=\"button\" tabindex=\"0\" rel=\"jtg-973\" data-caption=\"\" aria-label=\"Bilder in Lightbox \u00f6ffnen\" class=\"tile-inner modula-item-link\"><\/a><img loading=\"lazy\" decoding=\"async\" class=\"pic wp-image-1049\"  data-valign=\"middle\" data-halign=\"center\" alt=\"\" data-full=\"https:\/\/www.kleinekapelle.de\/wp\/wp-content\/uploads\/2024\/05\/Christine-KleineKapelle-w.jpg\" title=\"Christine-KleineKapelle-w\" crop=\"\" width=\"378\" height=\"567\" src=\"https:\/\/www.kleinekapelle.de\/wp\/wp-content\/uploads\/2024\/05\/Christine-KleineKapelle-w.jpg\" data-src=\"https:\/\/www.kleinekapelle.de\/wp\/wp-content\/uploads\/2024\/05\/Christine-KleineKapelle-w.jpg\" data-caption=\"\" srcset=\"https:\/\/www.kleinekapelle.de\/wp\/wp-content\/uploads\/2024\/05\/Christine-KleineKapelle-w.jpg 378w, https:\/\/www.kleinekapelle.de\/wp\/wp-content\/uploads\/2024\/05\/Christine-KleineKapelle-w-200x300.jpg 200w\" sizes=\"auto, (max-width: 378px) 100vw, 378px\" \/>\n\t\t<div class=\"figc no-description\">\n\t\t\t<div class=\"figc-inner\">\n\t\t\t\t\t\t\t\t\t\t\t\t\t\t\t<\/div>\n\t\t<\/div>\n\n\t<\/div>\n\n<\/div><div class=\"modula-item effect-pufrobo\" >\n\t<div class=\"modula-item-overlay\"><\/div>\n\n\t<div class=\"modula-item-content\">\n\n\t\t<a data-image-id=\"1052\" role=\"button\" tabindex=\"0\" rel=\"jtg-973\" data-caption=\"\" aria-label=\"Bilder in Lightbox \u00f6ffnen\" class=\"tile-inner modula-item-link\"><\/a><img loading=\"lazy\" decoding=\"async\" class=\"pic wp-image-1052\"  data-valign=\"middle\" data-halign=\"center\" alt=\"\" data-full=\"https:\/\/www.kleinekapelle.de\/wp\/wp-content\/uploads\/2024\/05\/Jochen-KleineKapelle-w.jpg\" title=\"Jochen-KleineKapelle-w\" crop=\"\" width=\"378\" height=\"567\" src=\"https:\/\/www.kleinekapelle.de\/wp\/wp-content\/uploads\/2024\/05\/Jochen-KleineKapelle-w.jpg\" data-src=\"https:\/\/www.kleinekapelle.de\/wp\/wp-content\/uploads\/2024\/05\/Jochen-KleineKapelle-w.jpg\" data-caption=\"\" srcset=\"https:\/\/www.kleinekapelle.de\/wp\/wp-content\/uploads\/2024\/05\/Jochen-KleineKapelle-w.jpg 378w, https:\/\/www.kleinekapelle.de\/wp\/wp-content\/uploads\/2024\/05\/Jochen-KleineKapelle-w-200x300.jpg 200w\" sizes=\"auto, (max-width: 378px) 100vw, 378px\" \/>\n\t\t<div class=\"figc no-description\">\n\t\t\t<div class=\"figc-inner\">\n\t\t\t\t\t\t\t\t\t\t\t\t\t\t\t<\/div>\n\t\t<\/div>\n\n\t<\/div>\n\n<\/div><div class=\"modula-item effect-pufrobo\" >\n\t<div class=\"modula-item-overlay\"><\/div>\n\n\t<div class=\"modula-item-content\">\n\n\t\t<a data-image-id=\"1051\" role=\"button\" tabindex=\"0\" rel=\"jtg-973\" data-caption=\"\" aria-label=\"Bilder in Lightbox \u00f6ffnen\" class=\"tile-inner modula-item-link\"><\/a><img loading=\"lazy\" decoding=\"async\" class=\"pic wp-image-1051\"  data-valign=\"middle\" data-halign=\"center\" alt=\"\" data-full=\"https:\/\/www.kleinekapelle.de\/wp\/wp-content\/uploads\/2024\/05\/Elmar-KleineKapelle-w.jpg\" title=\"Elmar--KleineKapelle-w\" crop=\"\" width=\"378\" height=\"567\" src=\"https:\/\/www.kleinekapelle.de\/wp\/wp-content\/uploads\/2024\/05\/Elmar-KleineKapelle-w.jpg\" data-src=\"https:\/\/www.kleinekapelle.de\/wp\/wp-content\/uploads\/2024\/05\/Elmar-KleineKapelle-w.jpg\" data-caption=\"\" srcset=\"https:\/\/www.kleinekapelle.de\/wp\/wp-content\/uploads\/2024\/05\/Elmar-KleineKapelle-w.jpg 378w, https:\/\/www.kleinekapelle.de\/wp\/wp-content\/uploads\/2024\/05\/Elmar-KleineKapelle-w-200x300.jpg 200w\" sizes=\"auto, (max-width: 378px) 100vw, 378px\" \/>\n\t\t<div class=\"figc no-description\">\n\t\t\t<div class=\"figc-inner\">\n\t\t\t\t\t\t\t\t\t\t\t\t\t\t\t<\/div>\n\t\t<\/div>\n\n\t<\/div>\n\n<\/div><div class=\"modula-item effect-pufrobo\" >\n\t<div class=\"modula-item-overlay\"><\/div>\n\n\t<div class=\"modula-item-content\">\n\n\t\t<a data-image-id=\"1053\" role=\"button\" tabindex=\"0\" rel=\"jtg-973\" data-caption=\"\" aria-label=\"Bilder in Lightbox \u00f6ffnen\" class=\"tile-inner modula-item-link\"><\/a><img loading=\"lazy\" decoding=\"async\" class=\"pic wp-image-1053\"  data-valign=\"middle\" data-halign=\"center\" alt=\"\" data-full=\"https:\/\/www.kleinekapelle.de\/wp\/wp-content\/uploads\/2024\/05\/Sven-KleineKapelle_w.jpg\" title=\"Sven-KleineKapelle_w\" crop=\"\" width=\"378\" height=\"567\" src=\"https:\/\/www.kleinekapelle.de\/wp\/wp-content\/uploads\/2024\/05\/Sven-KleineKapelle_w.jpg\" data-src=\"https:\/\/www.kleinekapelle.de\/wp\/wp-content\/uploads\/2024\/05\/Sven-KleineKapelle_w.jpg\" data-caption=\"\" srcset=\"https:\/\/www.kleinekapelle.de\/wp\/wp-content\/uploads\/2024\/05\/Sven-KleineKapelle_w.jpg 378w, https:\/\/www.kleinekapelle.de\/wp\/wp-content\/uploads\/2024\/05\/Sven-KleineKapelle_w-200x300.jpg 200w\" sizes=\"auto, (max-width: 378px) 100vw, 378px\" \/>\n\t\t<div class=\"figc no-description\">\n\t\t\t<div class=\"figc-inner\">\n\t\t\t\t\t\t\t\t\t\t\t\t\t\t\t<\/div>\n\t\t<\/div>\n\n\t<\/div>\n\n<\/div><div class=\"modula-item effect-pufrobo\" >\n\t<div class=\"modula-item-overlay\"><\/div>\n\n\t<div class=\"modula-item-content\">\n\n\t\t<a data-image-id=\"1050\" role=\"button\" tabindex=\"0\" rel=\"jtg-973\" data-caption=\"\" aria-label=\"Bilder in Lightbox \u00f6ffnen\" class=\"tile-inner modula-item-link\"><\/a><img loading=\"lazy\" decoding=\"async\" class=\"pic wp-image-1050\"  data-valign=\"middle\" data-halign=\"center\" alt=\"\" data-full=\"https:\/\/www.kleinekapelle.de\/wp\/wp-content\/uploads\/2024\/05\/Dirk-KleineKapelle-w.jpg\" title=\"Dirk--KleineKapelle-w\" crop=\"\" width=\"378\" height=\"567\" src=\"https:\/\/www.kleinekapelle.de\/wp\/wp-content\/uploads\/2024\/05\/Dirk-KleineKapelle-w.jpg\" data-src=\"https:\/\/www.kleinekapelle.de\/wp\/wp-content\/uploads\/2024\/05\/Dirk-KleineKapelle-w.jpg\" data-caption=\"\" srcset=\"https:\/\/www.kleinekapelle.de\/wp\/wp-content\/uploads\/2024\/05\/Dirk-KleineKapelle-w.jpg 378w, https:\/\/www.kleinekapelle.de\/wp\/wp-content\/uploads\/2024\/05\/Dirk-KleineKapelle-w-200x300.jpg 200w\" sizes=\"auto, (max-width: 378px) 100vw, 378px\" \/>\n\t\t<div class=\"figc no-description\">\n\t\t\t<div class=\"figc-inner\">\n\t\t\t\t\t\t\t\t\t\t\t\t\t\t\t<\/div>\n\t\t<\/div>\n\n\t<\/div>\n\n<\/div>\t\t\n\t<\/div>\n\n\t\n\t\n\t<script type=\"application\/ld+json\">\n\t{\n\t\t\"@context\": \"http:\/\/schema.org\",\n\t\t\"@type\"   : \"ImageGallery\",\n\t\t\"id\"      : \"https:\/\/www.kleinekapelle.de\/wp\/\",\n\t\t\"url\"     : \"https:\/\/www.kleinekapelle.de\/wp\/\"\n\t}\n\n\t<\/script>\n\n\t\n<\/div>\n\n\n\n\n<p>Buchungsanfragen beantworten wir gerne unter:&nbsp; <a href=\"mailto:info@kleinekapelle.de\">info@kleinekapelle.de<\/a><\/p>\n\n\n\n<p class=\"has-text-align-center\">&nbsp;<\/p>\n","protected":false},"excerpt":{"rendered":"<p>Eine Tanzkapelle, die ihresgleichen sucht. Ob auf Hochzeiten, Geburtstagsfeiern oder in rauchgeschw\u00e4ngerten Spelunken: Fr\u00fcher oder sp\u00e4ter tanzen sie ! Das musikalische Spektrum f\u00fchrt vom Balkan durch viele europ\u00e4ische L\u00e4nder nach Nordamerika, S\u00fcdamerika und endet in den Weiten der Taiga. Der mehrsprachige, bezaubernde Gesang in Verbindung mit der ungew\u00f6hnlichen Instrumentierung (Trompete, Akkordeon, Kontrabass und Percussion) lassen &hellip; <\/p>\n<p class=\"link-more\"><a href=\"https:\/\/www.kleinekapelle.de\/wp\/\" class=\"more-link\"><span class=\"screen-reader-text\">\u201eWillkommen\u201c <\/span>weiterlesen<\/a><\/p>\n","protected":false},"author":1,"featured_media":0,"parent":0,"menu_order":0,"comment_status":"closed","ping_status":"open","template":"","meta":{"footnotes":""},"class_list":["post-2","page","type-page","status-publish","hentry","entry"],"_links":{"self":[{"href":"https:\/\/www.kleinekapelle.de\/wp\/index.php?rest_route=\/wp\/v2\/pages\/2","targetHints":{"allow":["GET"]}}],"collection":[{"href":"https:\/\/www.kleinekapelle.de\/wp\/index.php?rest_route=\/wp\/v2\/pages"}],"about":[{"href":"https:\/\/www.kleinekapelle.de\/wp\/index.php?rest_route=\/wp\/v2\/types\/page"}],"author":[{"embeddable":true,"href":"https:\/\/www.kleinekapelle.de\/wp\/index.php?rest_route=\/wp\/v2\/users\/1"}],"replies":[{"embeddable":true,"href":"https:\/\/www.kleinekapelle.de\/wp\/index.php?rest_route=%2Fwp%2Fv2%2Fcomments&post=2"}],"version-history":[{"count":91,"href":"https:\/\/www.kleinekapelle.de\/wp\/index.php?rest_route=\/wp\/v2\/pages\/2\/revisions"}],"predecessor-version":[{"id":1057,"href":"https:\/\/www.kleinekapelle.de\/wp\/index.php?rest_route=\/wp\/v2\/pages\/2\/revisions\/1057"}],"wp:attachment":[{"href":"https:\/\/www.kleinekapelle.de\/wp\/index.php?rest_route=%2Fwp%2Fv2%2Fmedia&parent=2"}],"curies":[{"name":"wp","href":"https:\/\/api.w.org\/{rel}","templated":true}]}}